{"id":133,"date":"2025-01-30T20:46:28","date_gmt":"2025-01-30T19:46:28","guid":{"rendered":"https:\/\/investigacioncontabilidad.unmsm.edu.pe\/?page_id=133"},"modified":"2025-01-30T20:48:57","modified_gmt":"2025-01-30T19:48:57","slug":"proceso-editorial","status":"publish","type":"page","link":"https:\/\/investigacioncontabilidad.unmsm.edu.pe\/?page_id=133","title":{"rendered":"Proceso editorial"},"content":{"rendered":"\t\t<div data-elementor-type=\"wp-page\" data-elementor-id=\"133\" class=\"elementor elementor-133\">\n\t\t\t\t\t\t<section class=\"elementor-section elementor-top-section elementor-element elementor-element-81c65e6 elementor-section-boxed elementor-section-height-default elementor-section-height-default\" data-id=\"81c65e6\" data-element_type=\"section\">\n\t\t\t\t\t\t<div class=\"elementor-container elementor-column-gap-default\">\n\t\t\t\t\t<div class=\"elementor-column elementor-col-100 elementor-top-column elementor-element elementor-element-c6b2f01\" data-id=\"c6b2f01\" data-element_type=\"column\">\n\t\t\t<div class=\"elementor-widget-wrap elementor-element-populated\">\n\t\t\t\t\t\t<div class=\"elementor-element elementor-element-ab798fd elementor-widget elementor-widget-image\" data-id=\"ab798fd\" data-element_type=\"widget\" data-widget_type=\"image.default\">\n\t\t\t\t<div class=\"elementor-widget-container\">\n\t\t\t\t\t\t\t\t\t\t\t\t\t\t\t<img fetchpriority=\"high\" decoding=\"async\" width=\"1024\" height=\"580\" src=\"https:\/\/investigacioncontabilidad.unmsm.edu.pe\/wp-content\/uploads\/2025\/01\/quipu.png\" class=\"attachment-large size-large wp-image-135\" alt=\"\" srcset=\"https:\/\/investigacioncontabilidad.unmsm.edu.pe\/wp-content\/uploads\/2025\/01\/quipu.png 1024w, https:\/\/investigacioncontabilidad.unmsm.edu.pe\/wp-content\/uploads\/2025\/01\/quipu-300x170.png 300w, https:\/\/investigacioncontabilidad.unmsm.edu.pe\/wp-content\/uploads\/2025\/01\/quipu-768x435.png 768w\" sizes=\"(max-width: 1024px) 100vw, 1024px\" \/>\t\t\t\t\t\t\t\t\t\t\t\t\t\t\t<\/div>\n\t\t\t\t<\/div>\n\t\t\t\t\t<\/div>\n\t\t<\/div>\n\t\t\t\t\t<\/div>\n\t\t<\/section>\n\t\t\t\t<section class=\"elementor-section elementor-top-section elementor-element elementor-element-079b297 elementor-section-boxed elementor-section-height-default elementor-section-height-default\" data-id=\"079b297\" data-element_type=\"section\">\n\t\t\t\t\t\t<div class=\"elementor-container elementor-column-gap-default\">\n\t\t\t\t\t<div class=\"elementor-column elementor-col-50 elementor-top-column elementor-element elementor-element-1926a80\" data-id=\"1926a80\" data-element_type=\"column\">\n\t\t\t<div class=\"elementor-widget-wrap elementor-element-populated\">\n\t\t\t\t\t\t<div class=\"elementor-element elementor-element-8e27860 elementor-widget elementor-widget-text-editor\" data-id=\"8e27860\" data-element_type=\"widget\" data-widget_type=\"text-editor.default\">\n\t\t\t\t<div class=\"elementor-widget-container\">\n\t\t\t\t\t\t\t\t\tLa revista Quipukamayoc surgi\u00f3 en la Facultad de Ciencias Contables de la Universidad Nacional Mayor de San Marcos (UNMSM) por el inter\u00e9s de las autoridades y el cuerpo docente de la Facultad ante una necesidad de contribuir con el desarrollo de la ciencia contable en forma integral y tener un espacio de divulgaci\u00f3n hacia la comunidad acad\u00e9mica de la Universidad; as\u00ed como de otras instituciones y gremios de car\u00e1cter nacional e internacional en la que se presentan el resultado de estudios basados en investigaciones originales e in\u00e9ditas vinculadas a las tem\u00e1ticas contable, econ\u00f3mica y empresarial.\n\n<span style=\"font-style: inherit; font-weight: inherit; color: var( --e-global-color-text ); font-family: var( --e-global-typography-text-font-family ), Sans-serif; background-color: var(--ast-global-color-5);\">Para dar a conocer los resultados de las investigaciones realizadas se elabora el art\u00edculo cient\u00edfico bajo un formato espec\u00edfico estandarizado denominado m\u00e9todo IMRyD, por las iniciales de las partes centrales del documento cient\u00edfico: Introducci\u00f3n, M\u00e9todos, Resultados y Discusi\u00f3n.<\/span>\t\t\t\t\t\t\t\t<\/div>\n\t\t\t\t<\/div>\n\t\t\t\t\t<\/div>\n\t\t<\/div>\n\t\t\t\t<div class=\"elementor-column elementor-col-50 elementor-top-column elementor-element elementor-element-e605ca7\" data-id=\"e605ca7\" data-element_type=\"column\">\n\t\t\t<div class=\"elementor-widget-wrap elementor-element-populated\">\n\t\t\t\t\t\t<div class=\"elementor-element elementor-element-22d3f64 elementor-widget elementor-widget-text-editor\" data-id=\"22d3f64\" data-element_type=\"widget\" data-widget_type=\"text-editor.default\">\n\t\t\t\t<div class=\"elementor-widget-container\">\n\t\t\t\t\t\t\t\t\tDe manera que, a lo largo de estas tres \u00faltimas d\u00e9cadas, la revista ha sido invitada a participar en cert\u00e1menes acad\u00e9micos e investigativos a nivel nacional, en diversos congresos nacionales e internacionales, en las Conferencias Interamericanas de Contabilidad \u2015organizadas por la Asociaci\u00f3n Interamericana de Contabilidad\u2015, difundiendo sus publicaciones, las que han sido referencias relevantes en el conocimiento y debate de ponencias investigativas; asimismo, ha permitido fortalecer los v\u00ednculos del Instituto de Investigaci\u00f3n de Ciencias Financieras y Contables con las entidades acad\u00e9micas, investigadores y profesionales vinculados a las tem\u00e1ticas contables, econ\u00f3micos y empresariales; lo cual redunda en beneficio de los estudiantes pregrado y posgrado de la Facultad de Ciencias Contables de la UNMSM, de otras universidades y de toda la comunidad contable interesada en la investigaci\u00f3n contable, econ\u00f3mica y empresarial.\t\t\t\t\t\t\t\t<\/div>\n\t\t\t\t<\/div>\n\t\t\t\t\t<\/div>\n\t\t<\/div>\n\t\t\t\t\t<\/div>\n\t\t<\/section>\n\t\t\t\t<\/div>\n\t\t","protected":false},"excerpt":{"rendered":"<p>La revista Quipukamayoc surgi\u00f3 en la Facultad de Ciencias Contables de la Universidad Nacional Mayor de San Marcos (UNMSM) por [&hellip;]<\/p>\n","protected":false},"author":1,"featured_media":0,"parent":0,"menu_order":0,"comment_status":"closed","ping_status":"closed","template":"","meta":{"site-sidebar-layout":"no-sidebar","site-content-layout":"","ast-site-content-layout":"full-width-container","site-content-style":"default","site-sidebar-style":"default","ast-global-header-display":"","ast-banner-title-visibility":"","ast-main-header-display":"","ast-hfb-above-header-display":"","ast-hfb-below-header-display":"","ast-hfb-mobile-header-display":"","site-post-title":"disabled","ast-breadcrumbs-content":"","ast-featured-img":"disabled","footer-sml-layout":"","theme-transparent-header-meta":"","adv-header-id-meta":"","stick-header-meta":"","header-above-stick-meta":"","header-main-stick-meta":"","header-below-stick-meta":"","astra-migrate-meta-layouts":"default","ast-page-background-enabled":"default","ast-page-background-meta":{"desktop":{"background-color":"var(--ast-global-color-5)","background-image":"","background-repeat":"repeat","background-position":"center center","background-size":"auto","background-attachment":"scroll","background-type":"","background-media":"","overlay-type":"","overlay-color":"","overlay-opacity":"","overlay-gradient":""},"tablet":{"background-color":"","background-image":"","background-repeat":"repeat","background-position":"center center","background-size":"auto","background-attachment":"scroll","background-type":"","background-media":"","overlay-type":"","overlay-color":"","overlay-opacity":"","overlay-gradient":""},"mobile":{"background-color":"","background-image":"","background-repeat":"repeat","background-position":"center center","background-size":"auto","background-attachment":"scroll","background-type":"","background-media":"","overlay-type":"","overlay-color":"","overlay-opacity":"","overlay-gradient":""}},"ast-content-background-meta":{"desktop":{"background-color":"var(--ast-global-color-4)","background-image":"","background-repeat":"repeat","background-position":"center center","background-size":"auto","background-attachment":"scroll","background-type":"","background-media":"","overlay-type":"","overlay-color":"","overlay-opacity":"","overlay-gradient":""},"tablet":{"background-color":"var(--ast-global-color-4)","background-image":"","background-repeat":"repeat","background-position":"center center","background-size":"auto","background-attachment":"scroll","background-type":"","background-media":"","overlay-type":"","overlay-color":"","overlay-opacity":"","overlay-gradient":""},"mobile":{"background-color":"var(--ast-global-color-4)","background-image":"","background-repeat":"repeat","background-position":"center center","background-size":"auto","background-attachment":"scroll","background-type":"","background-media":"","overlay-type":"","overlay-color":"","overlay-opacity":"","overlay-gradient":""}},"footnotes":""},"class_list":["post-133","page","type-page","status-publish","hentry"],"_links":{"self":[{"href":"https:\/\/investigacioncontabilidad.unmsm.edu.pe\/index.php?rest_route=\/wp\/v2\/pages\/133","targetHints":{"allow":["GET"]}}],"collection":[{"href":"https:\/\/investigacioncontabilidad.unmsm.edu.pe\/index.php?rest_route=\/wp\/v2\/pages"}],"about":[{"href":"https:\/\/investigacioncontabilidad.unmsm.edu.pe\/index.php?rest_route=\/wp\/v2\/types\/page"}],"author":[{"embeddable":true,"href":"https:\/\/investigacioncontabilidad.unmsm.edu.pe\/index.php?rest_route=\/wp\/v2\/users\/1"}],"replies":[{"embeddable":true,"href":"https:\/\/investigacioncontabilidad.unmsm.edu.pe\/index.php?rest_route=%2Fwp%2Fv2%2Fcomments&post=133"}],"version-history":[{"count":4,"href":"https:\/\/investigacioncontabilidad.unmsm.edu.pe\/index.php?rest_route=\/wp\/v2\/pages\/133\/revisions"}],"predecessor-version":[{"id":138,"href":"https:\/\/investigacioncontabilidad.unmsm.edu.pe\/index.php?rest_route=\/wp\/v2\/pages\/133\/revisions\/138"}],"wp:attachment":[{"href":"https:\/\/investigacioncontabilidad.unmsm.edu.pe\/index.php?rest_route=%2Fwp%2Fv2%2Fmedia&parent=133"}],"curies":[{"name":"wp","href":"https:\/\/api.w.org\/{rel}","templated":true}]}}